{"id":213,"date":"2017-07-05T02:51:01","date_gmt":"2017-07-05T02:51:01","guid":{"rendered":"https:\/\/ithemeslab.com\/tfdemo\/wp\/imperial\/?page_id=213"},"modified":"2017-07-05T02:51:01","modified_gmt":"2017-07-05T02:51:01","slug":"contacts","status":"publish","type":"page","link":"https:\/\/suylagelensaglik.com\/index.php\/contacts\/","title":{"rendered":"Contacts"},"content":{"rendered":"<section class=\"wpb-content-wrapper\"><p>\t\t\t\t[vc_row full_width=&#8221;stretch_row_content_no_spaces&#8221; el_class=&#8221;content-no-margin&#8221;][vc_column][vc_gmaps link=&#8221;#E-8_JTNDaWZyYW1lJTIwc3JjJTNEJTIyaHR0cHMlM0ElMkYlMkZ3d3cuZ29vZ2xlLmNvbSUyRm1hcHMlMkZlbWJlZCUzRnBiJTNEJTIxMW0xOCUyMTFtMTIlMjExbTMlMjExZDExMTcuNDM4OTc0NzQxNTQwNSUyMTJkOTAuMzg1NjMwNjg3MTE0NzclMjEzZDIzLjc2MTU4MDg2ODI2Mjc3NiUyMTJtMyUyMTFmMCUyMTJmMCUyMTNmMCUyMTNtMiUyMTFpMTAyNCUyMTJpNzY4JTIxNGYxMy4xJTIxM20zJTIxMW0yJTIxMXMweDM3NTViOGE3YmVmYmNmOTElMjUzQTB4NWIzYTNjMzI3OGE3ODRjOSUyMTJ6TWpQQ3NEUTFKelF3TGpBaVRpQTVNTUt3TWpNbk1EZ3VNaUpGJTIxNWUwJTIxM20yJTIxMXNlbiUyMTJzYmQlMjE0djE0ODkyMjczMzQyMzklMjIlMjB3aWR0aCUzRCUyMjE5MjAlMjIlMjBoZWlnaHQlM0QlMjI0MDAlMjIlMjBmcmFtZWJvcmRlciUzRCUyMjAlMjIlMjBzdHlsZSUzRCUyMmJvcmRlciUzQTAlMjIlMjBhbGxvd2Z1bGxzY3JlZW4lM0UlM0MlMkZpZnJhbWUlM0U=&#8221;][\/vc_column][\/vc_row][vc_row el_class=&#8221;padtop80&#8243;][vc_column el_class=&#8221;content-no-margin&#8221;]<div class=\"section-title content-no-margin\"><div class=\"\"><h3 class=\"section-title-text\">Drop Us a Mail<\/h3><p class=\"subtitle\">Flawless design &amp; Powerful features ensure a stunning &amp; sleek look.<\/p><\/div><\/div>[\/vc_column][\/vc_row][vc_row el_class=&#8221;content-no-margin&#8221;][vc_column width=&#8221;7\/12&#8243; el_class=&#8221;padbottom60&#8243;]<p class=\"wpcf7-contact-form-not-found\"><strong>Hata:<\/strong> \u0130leti\u015fim formu bulunamad\u0131.<\/p>[\/vc_column][vc_column width=&#8221;5\/12&#8243;][vc_single_image image=&#8221;297&#8243; img_size=&#8221;full&#8221;][\/vc_column][\/vc_row]\t\t<\/p>\n<\/section>","protected":false},"excerpt":{"rendered":"<p>[vc_row full_width=&#8221;stretch_row_content_no_spaces&#8221; el_class=&#8221;content-no-margin&#8221;][vc_column][vc_gmaps link=&#8221;#E-8_JTNDaWZyYW1lJTIwc3JjJTNEJTIyaHR0cHMlM0ElMkYlMkZ3d3cuZ29vZ2xlLmNvbSUyRm1hcHMlMkZlbWJlZCUzRnBiJTNEJTIxMW0xOCUyMTFtMTIlMjExbTMlMjExZDExMTcuNDM4OTc0NzQxNTQwNSUyMTJkOTAuMzg1NjMwNjg3MTE0NzclMjEzZDIzLjc2MTU4MDg2ODI2Mjc3NiUyMTJtMyUyMTFmMCUyMTJmMCUyMTNmMCUyMTNtMiUyMTFpMTAyNCUyMTJpNzY4JTIxNGYxMy4xJTIxM20zJTIxMW0yJTIxMXMweDM3NTViOGE3YmVmYmNmOTElMjUzQTB4NWIzYTNjMzI3OGE3ODRjOSUyMTJ6TWpQQ3NEUTFKelF3TGpBaVRpQTVNTUt3TWpNbk1EZ3VNaUpGJTIxNWUwJTIxM20yJTIxMXNlbiUyMTJzYmQlMjE0djE0ODkyMjczMzQyMzklMjIlMjB3aWR0aCUzRCUyMjE5MjAlMjIlMjBoZWlnaHQlM0QlMjI0MDAlMjIlMjBmcmFtZWJvcmRlciUzRCUyMjAlMjIlMjBzdHlsZSUzRCUyMmJvcmRlciUzQTAlMjIlMjBhbGxvd2Z1bGxzY3JlZW4lM0UlM0MlMkZpZnJhbWUlM0U=&#8221;][\/vc_column][\/vc_row][vc_row el_class=&#8221;padtop80&#8243;][vc_column el_class=&#8221;content-no-margin&#8221;][\/vc_column][\/vc_row][vc_row el_class=&#8221;content-no-margin&#8221;][vc_column width=&#8221;7\/12&#8243; el_class=&#8221;padbottom60&#8243;][\/vc_column][vc_column width=&#8221;5\/12&#8243;][vc_single_image image=&#8221;297&#8243; img_size=&#8221;full&#8221;][\/vc_column][\/vc_row]<\/p>\n","protected":false},"author":1,"featured_media":0,"parent":0,"menu_order":0,"comment_status":"closed","ping_status":"closed","template":"fullwidthpage-template.php","meta":{"footnotes":""},"class_list":["post-213","page","type-page","status-publish","hentry"],"yoast_head":"<!-- This site is optimized with the Yoast SEO Premium plugin v20.5 (Yoast SEO v27.0) - https:\/\/yoast.com\/product\/yoast-seo-premium-wordpress\/ -->\n<title>Contacts | Pure Health Suyla Gelen Sa\u011fl\u0131k<\/title>\n<meta name=\"robots\" content=\"index, follow, max-snippet:-1, max-image-preview:large, max-video-preview:-1\" \/>\n<link rel=\"canonical\" href=\"https:\/\/suylagelensaglik.com\/index.php\/contacts\/\" \/>\n<meta property=\"og:locale\" content=\"tr_TR\" \/>\n<meta property=\"og:type\" content=\"article\" \/>\n<meta property=\"og:title\" content=\"Contacts\" \/>\n<meta property=\"og:description\" content=\"[vc_row full_width=&#8221;stretch_row_content_no_spaces&#8221; el_class=&#8221;content-no-margin&#8221;][vc_column][vc_gmaps link=&#8221;#E-8_JTNDaWZyYW1lJTIwc3JjJTNEJTIyaHR0cHMlM0ElMkYlMkZ3d3cuZ29vZ2xlLmNvbSUyRm1hcHMlMkZlbWJlZCUzRnBiJTNEJTIxMW0xOCUyMTFtMTIlMjExbTMlMjExZDExMTcuNDM4OTc0NzQxNTQwNSUyMTJkOTAuMzg1NjMwNjg3MTE0NzclMjEzZDIzLjc2MTU4MDg2ODI2Mjc3NiUyMTJtMyUyMTFmMCUyMTJmMCUyMTNmMCUyMTNtMiUyMTFpMTAyNCUyMTJpNzY4JTIxNGYxMy4xJTIxM20zJTIxMW0yJTIxMXMweDM3NTViOGE3YmVmYmNmOTElMjUzQTB4NWIzYTNjMzI3OGE3ODRjOSUyMTJ6TWpQQ3NEUTFKelF3TGpBaVRpQTVNTUt3TWpNbk1EZ3VNaUpGJTIxNWUwJTIxM20yJTIxMXNlbiUyMTJzYmQlMjE0djE0ODkyMjczMzQyMzklMjIlMjB3aWR0aCUzRCUyMjE5MjAlMjIlMjBoZWlnaHQlM0QlMjI0MDAlMjIlMjBmcmFtZWJvcmRlciUzRCUyMjAlMjIlMjBzdHlsZSUzRCUyMmJvcmRlciUzQTAlMjIlMjBhbGxvd2Z1bGxzY3JlZW4lM0UlM0MlMkZpZnJhbWUlM0U=&#8221;][\/vc_column][\/vc_row][vc_row el_class=&#8221;padtop80&#8243;][vc_column el_class=&#8221;content-no-margin&#8221;][\/vc_column][\/vc_row][vc_row el_class=&#8221;content-no-margin&#8221;][vc_column width=&#8221;7\/12&#8243; el_class=&#8221;padbottom60&#8243;][\/vc_column][vc_column width=&#8221;5\/12&#8243;][vc_single_image image=&#8221;297&#8243; img_size=&#8221;full&#8221;][\/vc_column][\/vc_row]\" \/>\n<meta property=\"og:url\" content=\"https:\/\/suylagelensaglik.com\/index.php\/contacts\/\" \/>\n<meta property=\"og:site_name\" content=\"Pure Health Suyla Gelen Sa\u011fl\u0131k\" \/>\n<meta property=\"article:publisher\" content=\"https:\/\/www.facebook.com\/pure_health_official\" \/>\n<meta name=\"twitter:card\" content=\"summary_large_image\" \/>\n<meta name=\"twitter:label1\" content=\"Tahmini okuma s\u00fcresi\" \/>\n\t<meta name=\"twitter:data1\" content=\"1 dakika\" \/>\n<script type=\"application\/ld+json\" class=\"yoast-schema-graph\">{\"@context\":\"https:\/\/schema.org\",\"@graph\":[{\"@type\":\"WebPage\",\"@id\":\"https:\/\/suylagelensaglik.com\/index.php\/contacts\/\",\"url\":\"https:\/\/suylagelensaglik.com\/index.php\/contacts\/\",\"name\":\"Contacts | Pure Health Suyla Gelen Sa\u011fl\u0131k\",\"isPartOf\":{\"@id\":\"https:\/\/www.suylagelensaglik.com\/#website\"},\"datePublished\":\"2017-07-05T02:51:01+00:00\",\"breadcrumb\":{\"@id\":\"https:\/\/suylagelensaglik.com\/index.php\/contacts\/#breadcrumb\"},\"inLanguage\":\"tr\",\"potentialAction\":[{\"@type\":\"ReadAction\",\"target\":[\"https:\/\/suylagelensaglik.com\/index.php\/contacts\/\"]}]},{\"@type\":\"BreadcrumbList\",\"@id\":\"https:\/\/suylagelensaglik.com\/index.php\/contacts\/#breadcrumb\",\"itemListElement\":[{\"@type\":\"ListItem\",\"position\":1,\"name\":\"Home\",\"item\":\"https:\/\/www.suylagelensaglik.com\/\"},{\"@type\":\"ListItem\",\"position\":2,\"name\":\"Contacts\"}]},{\"@type\":\"WebSite\",\"@id\":\"https:\/\/www.suylagelensaglik.com\/#website\",\"url\":\"https:\/\/www.suylagelensaglik.com\/\",\"name\":\"Pure Health Suyla Gelen Sa\u011fl\u0131k\",\"description\":\"El De\u011fmemi\u015f, Sa\u011fl\u0131kl\u0131 Su\",\"publisher\":{\"@id\":\"https:\/\/www.suylagelensaglik.com\/#organization\"},\"potentialAction\":[{\"@type\":\"SearchAction\",\"target\":{\"@type\":\"EntryPoint\",\"urlTemplate\":\"https:\/\/www.suylagelensaglik.com\/?s={search_term_string}\"},\"query-input\":{\"@type\":\"PropertyValueSpecification\",\"valueRequired\":true,\"valueName\":\"search_term_string\"}}],\"inLanguage\":\"tr\"},{\"@type\":\"Organization\",\"@id\":\"https:\/\/www.suylagelensaglik.com\/#organization\",\"name\":\"SUYLA GELEN SA\u011eLIK\",\"url\":\"https:\/\/www.suylagelensaglik.com\/\",\"logo\":{\"@type\":\"ImageObject\",\"inLanguage\":\"tr\",\"@id\":\"https:\/\/www.suylagelensaglik.com\/#\/schema\/logo\/image\/\",\"url\":\"https:\/\/suylagelensaglik.com\/wp-content\/uploads\/2021\/05\/Miato3.jpg\",\"contentUrl\":\"https:\/\/suylagelensaglik.com\/wp-content\/uploads\/2021\/05\/Miato3.jpg\",\"width\":1024,\"height\":682,\"caption\":\"SUYLA GELEN SA\u011eLIK\"},\"image\":{\"@id\":\"https:\/\/www.suylagelensaglik.com\/#\/schema\/logo\/image\/\"},\"sameAs\":[\"https:\/\/www.facebook.com\/pure_health_official\"]}]}<\/script>\n<!-- \/ Yoast SEO Premium plugin. -->","yoast_head_json":{"title":"Contacts | Pure Health Suyla Gelen Sa\u011fl\u0131k","robots":{"index":"index","follow":"follow","max-snippet":"max-snippet:-1","max-image-preview":"max-image-preview:large","max-video-preview":"max-video-preview:-1"},"canonical":"https:\/\/suylagelensaglik.com\/index.php\/contacts\/","og_locale":"tr_TR","og_type":"article","og_title":"Contacts","og_description":"[vc_row full_width=&#8221;stretch_row_content_no_spaces&#8221; el_class=&#8221;content-no-margin&#8221;][vc_column][vc_gmaps link=&#8221;#E-8_JTNDaWZyYW1lJTIwc3JjJTNEJTIyaHR0cHMlM0ElMkYlMkZ3d3cuZ29vZ2xlLmNvbSUyRm1hcHMlMkZlbWJlZCUzRnBiJTNEJTIxMW0xOCUyMTFtMTIlMjExbTMlMjExZDExMTcuNDM4OTc0NzQxNTQwNSUyMTJkOTAuMzg1NjMwNjg3MTE0NzclMjEzZDIzLjc2MTU4MDg2ODI2Mjc3NiUyMTJtMyUyMTFmMCUyMTJmMCUyMTNmMCUyMTNtMiUyMTFpMTAyNCUyMTJpNzY4JTIxNGYxMy4xJTIxM20zJTIxMW0yJTIxMXMweDM3NTViOGE3YmVmYmNmOTElMjUzQTB4NWIzYTNjMzI3OGE3ODRjOSUyMTJ6TWpQQ3NEUTFKelF3TGpBaVRpQTVNTUt3TWpNbk1EZ3VNaUpGJTIxNWUwJTIxM20yJTIxMXNlbiUyMTJzYmQlMjE0djE0ODkyMjczMzQyMzklMjIlMjB3aWR0aCUzRCUyMjE5MjAlMjIlMjBoZWlnaHQlM0QlMjI0MDAlMjIlMjBmcmFtZWJvcmRlciUzRCUyMjAlMjIlMjBzdHlsZSUzRCUyMmJvcmRlciUzQTAlMjIlMjBhbGxvd2Z1bGxzY3JlZW4lM0UlM0MlMkZpZnJhbWUlM0U=&#8221;][\/vc_column][\/vc_row][vc_row el_class=&#8221;padtop80&#8243;][vc_column el_class=&#8221;content-no-margin&#8221;][\/vc_column][\/vc_row][vc_row el_class=&#8221;content-no-margin&#8221;][vc_column width=&#8221;7\/12&#8243; el_class=&#8221;padbottom60&#8243;][\/vc_column][vc_column width=&#8221;5\/12&#8243;][vc_single_image image=&#8221;297&#8243; img_size=&#8221;full&#8221;][\/vc_column][\/vc_row]","og_url":"https:\/\/suylagelensaglik.com\/index.php\/contacts\/","og_site_name":"Pure Health Suyla Gelen Sa\u011fl\u0131k","article_publisher":"https:\/\/www.facebook.com\/pure_health_official","twitter_card":"summary_large_image","twitter_misc":{"Tahmini okuma s\u00fcresi":"1 dakika"},"schema":{"@context":"https:\/\/schema.org","@graph":[{"@type":"WebPage","@id":"https:\/\/suylagelensaglik.com\/index.php\/contacts\/","url":"https:\/\/suylagelensaglik.com\/index.php\/contacts\/","name":"Contacts | Pure Health Suyla Gelen Sa\u011fl\u0131k","isPartOf":{"@id":"https:\/\/www.suylagelensaglik.com\/#website"},"datePublished":"2017-07-05T02:51:01+00:00","breadcrumb":{"@id":"https:\/\/suylagelensaglik.com\/index.php\/contacts\/#breadcrumb"},"inLanguage":"tr","potentialAction":[{"@type":"ReadAction","target":["https:\/\/suylagelensaglik.com\/index.php\/contacts\/"]}]},{"@type":"BreadcrumbList","@id":"https:\/\/suylagelensaglik.com\/index.php\/contacts\/#breadcrumb","itemListElement":[{"@type":"ListItem","position":1,"name":"Home","item":"https:\/\/www.suylagelensaglik.com\/"},{"@type":"ListItem","position":2,"name":"Contacts"}]},{"@type":"WebSite","@id":"https:\/\/www.suylagelensaglik.com\/#website","url":"https:\/\/www.suylagelensaglik.com\/","name":"Pure Health Suyla Gelen Sa\u011fl\u0131k","description":"El De\u011fmemi\u015f, Sa\u011fl\u0131kl\u0131 Su","publisher":{"@id":"https:\/\/www.suylagelensaglik.com\/#organization"},"potentialAction":[{"@type":"SearchAction","target":{"@type":"EntryPoint","urlTemplate":"https:\/\/www.suylagelensaglik.com\/?s={search_term_string}"},"query-input":{"@type":"PropertyValueSpecification","valueRequired":true,"valueName":"search_term_string"}}],"inLanguage":"tr"},{"@type":"Organization","@id":"https:\/\/www.suylagelensaglik.com\/#organization","name":"SUYLA GELEN SA\u011eLIK","url":"https:\/\/www.suylagelensaglik.com\/","logo":{"@type":"ImageObject","inLanguage":"tr","@id":"https:\/\/www.suylagelensaglik.com\/#\/schema\/logo\/image\/","url":"https:\/\/suylagelensaglik.com\/wp-content\/uploads\/2021\/05\/Miato3.jpg","contentUrl":"https:\/\/suylagelensaglik.com\/wp-content\/uploads\/2021\/05\/Miato3.jpg","width":1024,"height":682,"caption":"SUYLA GELEN SA\u011eLIK"},"image":{"@id":"https:\/\/www.suylagelensaglik.com\/#\/schema\/logo\/image\/"},"sameAs":["https:\/\/www.facebook.com\/pure_health_official"]}]}},"_links":{"self":[{"href":"https:\/\/suylagelensaglik.com\/index.php\/wp-json\/wp\/v2\/pages\/213","targetHints":{"allow":["GET"]}}],"collection":[{"href":"https:\/\/suylagelensaglik.com\/index.php\/wp-json\/wp\/v2\/pages"}],"about":[{"href":"https:\/\/suylagelensaglik.com\/index.php\/wp-json\/wp\/v2\/types\/page"}],"author":[{"embeddable":true,"href":"https:\/\/suylagelensaglik.com\/index.php\/wp-json\/wp\/v2\/users\/1"}],"replies":[{"embeddable":true,"href":"https:\/\/suylagelensaglik.com\/index.php\/wp-json\/wp\/v2\/comments?post=213"}],"version-history":[{"count":0,"href":"https:\/\/suylagelensaglik.com\/index.php\/wp-json\/wp\/v2\/pages\/213\/revisions"}],"wp:attachment":[{"href":"https:\/\/suylagelensaglik.com\/index.php\/wp-json\/wp\/v2\/media?parent=213"}],"curies":[{"name":"wp","href":"https:\/\/api.w.org\/{rel}","templated":true}]}}