{"id":23,"date":"2017-06-22T09:21:19","date_gmt":"2017-06-22T09:21:19","guid":{"rendered":"https:\/\/ithemeslab.com\/tfdemo\/wp\/imperial\/?page_id=23"},"modified":"2021-06-21T23:14:31","modified_gmt":"2021-06-21T20:14:31","slug":"royted","status":"publish","type":"page","link":"https:\/\/suylagelensaglik.com\/index.php\/royted\/","title":{"rendered":"Royted"},"content":{"rendered":"<section class=\"wpb-content-wrapper\"><p>[vc_row full_width=&#8221;stretch_row&#8221; el_class=&#8221;pad80&#8243; css=&#8221;.vc_custom_1496513357524{background-color: #f6f6f6 !important;}&#8221;][vc_column][vc_row_inner][vc_column_inner]<div class=\"section-title \"><div class=\"text-center\"><h3 class=\"section-title-text\">ROYTED \u00c7elik Su Tankl\u0131 Su Ar\u0131tma Cihaz\u0131<\/h3><p class=\"subtitle\">Sizlere ofis ve i\u015f yerilerinizde ya\u015fad\u0131\u011f\u0131n\u0131z su maliyetini d\u00fc\u015f\u00fcrmenin en sa\u011fl\u0131kl\u0131 yolu ROYTED Su Ar\u0131tma Cihaz\u0131n\u0131 sunmaktan gurur duyuyoruz.<\/p><\/div><\/div>[\/vc_column_inner][\/vc_row_inner][vc_row_inner][vc_column_inner width=&#8221;1\/2&#8243;][vc_single_image image=&#8221;683&#8243; img_size=&#8221;full&#8221; css=&#8221;.vc_custom_1622061172765{margin-bottom: 0px !important;padding-bottom: 0px !important;}&#8221;][vc_custom_heading text=&#8221;ROYTED \u00c7elik Su Tankl\u0131 Su Ar\u0131tma Cihaz\u0131&#8221; font_container=&#8221;tag:h2|font_size:25|text_align:left|color:%23313131|line_height:25px&#8221; use_theme_fonts=&#8221;yes&#8221; css=&#8221;.vc_custom_1621688503698{margin-top: 0px !important;padding-top: 35px !important;padding-bottom: 5px !important;}&#8221;][vc_column_text css=&#8221;.vc_custom_1621688787118{margin-bottom: 0px !important;padding-bottom: 0px !important;}&#8221;]Ters ozmoz sistemi ile \u00e7al\u0131\u015fan Royted Su Ar\u0131tma Cihaz\u0131 5&#8217;li filtre sistemine sahiptir. Bu be\u015fli filtre sistemi ile mutfa\u011f\u0131n\u0131z\u0131n muslu\u011fundan akan suyu siz ve sevdikleriniz i\u00e7in kaba partik\u00fcllerden, tortudan, klor ve kimyasallardan, pas ve kokudan, kire\u00e7ten, a\u011f\u0131r metallerden ve bakterilerden ar\u0131nd\u0131r\u0131r.<\/p>\n<p>Mutfa\u011f\u0131n\u0131z\u0131n konforunda \u00fcretti\u011finiz kaynak suyunu yemeklerinizde, i\u00e7eceklerinizde, buzluklar\u0131n\u0131zda g\u00fcvenle kullanabilirsiniz.[\/vc_column_text][\/vc_column_inner][vc_column_inner width=&#8221;1\/2&#8243;][vc_single_image image=&#8221;684&#8243; img_size=&#8221;full&#8221; css=&#8221;.vc_custom_1622061197395{margin-bottom: 0px !important;padding-bottom: 0px !important;}&#8221;][vc_custom_heading text=&#8221;Ev, \u0130\u015fyeri ve Ofisler i\u00e7in Su Ar\u0131tma \u00c7\u00f6z\u00fcmleri.&#8221; font_container=&#8221;tag:h2|font_size:25|text_align:left|color:%23313131|line_height:25px&#8221; use_theme_fonts=&#8221;yes&#8221; css=&#8221;.vc_custom_1621688966876{margin-top: 0px !important;padding-top: 35px !important;padding-bottom: 5px !important;}&#8221;][vc_column_text css=&#8221;.vc_custom_1621689020227{margin-bottom: 0px !important;padding-bottom: 0px !important;}&#8221;]Pure Health sizlere sadece evleriniz i\u00e7in de\u011fil, ofis ve i\u015f yerleriniz i\u00e7in de su ar\u0131tma \u00e7\u00f6z\u00fcmleri sunar.[\/vc_column_text][\/vc_column_inner][\/vc_row_inner][\/vc_column][\/vc_row][vc_row el_class=&#8221;pad80&#8243;][vc_column width=&#8221;1\/2&#8243;][vc_single_image image=&#8221;816&#8243; img_size=&#8221;full&#8221; title=&#8221;ROYTED Su Ar\u0131tma Cihaz\u0131 \u00d6l\u00e7\u00fcleri&#8221;][\/vc_column][vc_column width=&#8221;1\/2&#8243;]<div class=\"section-title \"><div class=\"text-center\"><h3 class=\"section-title-text\">ROYTED Su Ar\u0131tma Cihaz\u0131n\u0131z<\/h3><p class=\"subtitle\"><\/p><\/div><\/div>[vc_column_text css_animation=&#8221;none&#8221;]Su Ar\u0131tma Cihazlar\u0131m\u0131z ergonomik tasar\u0131mlar\u0131yla mutfak dolaplar\u0131n\u0131za kolayca s\u0131\u011far.<\/p>\n<p>Ayr\u0131ca Mavi, Ye\u015fil, Sar\u0131, K\u0131rm\u0131z\u0131 renk tasar\u0131mlar\u0131yla mutfa\u011f\u0131n\u0131za renk katar.<\/p>\n<p>Renk se\u00e7eneklerimiz stoklarla s\u0131n\u0131rl\u0131d\u0131r.[\/vc_column_text][\/vc_column][\/vc_row][vc_section full_width=&#8221;stretch_row&#8221; content_placement=&#8221;middle&#8221; css=&#8221;.vc_custom_1622301123515{margin-top: 0px !important;padding-top: 0px !important;background-color: #fdfff4 !important;}&#8221;][vc_row content_placement=&#8221;bottom&#8221; el_class=&#8221;padtop80 padbottom60&#8243;][vc_column width=&#8221;1\/2&#8243;]<div class=\"section-title \"><div class=\"\"><h3 class=\"section-title-text\">Randevu ve Bilgi<\/h3><p class=\"subtitle\">Do\u011faya ve kullan\u0131c\u0131ya dost cihazlar\u0131m\u0131zla hem d\u00fcnyan\u0131n suyunu koruyoruz, hem de sizlerin evlerinizin konforunda el de\u011fmemi\u015f, temiz, sa\u011fl\u0131kl\u0131 suya eri\u015fmesini sa\u011fl\u0131yoruz.<\/p><\/div><\/div>[vc_column_text]+90 532 604 22 22<\/p>\n<p>+90 539 601 09 39<\/p>\n<p>info@suylagelensaglik.com[\/vc_column_text][\/vc_column][vc_column width=&#8221;1\/2&#8243;][vc_single_image image=&#8221;584&#8243; img_size=&#8221;full&#8221;][\/vc_column][\/vc_row][\/vc_section][vc_section full_width=&#8221;stretch_row&#8221; css=&#8221;.vc_custom_1496360534417{margin-top: 0px !important;padding-top: 0px !important;}&#8221;][vc_row el_class=&#8221;pad80&#8243;][vc_column]<div class=\"section-title \"><div class=\"text-center\"><h3 class=\"section-title-text\">BLOG Yaz\u0131lar\u0131m\u0131z<\/h3><p class=\"subtitle\">Ar\u0131tma cihazlar\u0131 ve suyun \u00f6nemi hakk\u0131nda sizin i\u00e7in derledi\u011fimiz yaz\u0131lar.<\/p><\/div><\/div><div class=\"row\"><div class=\"col-md-4 col-sm-4 col-xs-12 xs-mb-30\"><div class=\"post-grid\"><div class=\"post-grid-thumb\"><img decoding=\"async\" src=\"https:\/\/suylagelensaglik.com\/wp-content\/uploads\/2021\/05\/yasamin_kaynagi_su_general_electric-300x200.jpg\" alt=\"Pet \u015ei\u015feden Haz\u0131r Su \u0130\u00e7menin Zararlar\u0131.\"><\/div><div class=\"post-grid-meta\"><div class=\"post-date\"><i class=\"fa fa-calendar\"><\/i> 30 May\u0131s 2021<\/div><div class=\"post-comment\"><i class=\"fa fa-comments\"><\/i> 14 comments<\/div><\/div><div class=\"post-grid-content\"><h4><a href=\"https:\/\/suylagelensaglik.com\/index.php\/2021\/05\/30\/saglikli-ve-temiz-su-icin-pet-siseden-su-icmenin-zararlari\/\">Pet \u015ei\u015feden Haz\u0131r Su \u0130\u00e7menin Zararlar\u0131.<\/a><\/h4><p>Hepimizin ddile\u011fi kendimiz ve sevdiklerimiz i\u00e7in sa\u011fl\u0131kl\u0131 bir hayat. Bunun en tememl ta\u015f\u0131 da temel besinimiz olan sa\u011fl\u0131kl\u0131 ve temiz <\/p><a href=\"https:\/\/suylagelensaglik.com\/index.php\/2021\/05\/30\/saglikli-ve-temiz-su-icin-pet-siseden-su-icmenin-zararlari\/\" class=\"btn btn-primary hvr-sweep-to-right\">Devam\u0131<\/a><\/div><\/div><\/div><div class=\"col-md-4 col-sm-4 col-xs-12 xs-mb-30\"><div class=\"post-grid\"><div class=\"post-grid-thumb\"><img decoding=\"async\" src=\"https:\/\/suylagelensaglik.com\/wp-content\/uploads\/2021\/05\/su-gunu-1-1-300x150.png\" alt=\"D\u00fcnyam\u0131z ve Ya\u015fam\u0131n Kayna\u011f\u0131 Su\"><\/div><div class=\"post-grid-meta\"><div class=\"post-date\"><i class=\"fa fa-calendar\"><\/i> 30 May\u0131s 2021<\/div><div class=\"post-comment\"><i class=\"fa fa-comments\"><\/i> 10 comments<\/div><\/div><div class=\"post-grid-content\"><h4><a href=\"https:\/\/suylagelensaglik.com\/index.php\/2021\/05\/30\/yasamin-kaynagi-su-atik-su\/\">D\u00fcnyam\u0131z ve Ya\u015fam\u0131n Kayna\u011f\u0131 Su<\/a><\/h4><p>Hepimiz biliyoruz ki d\u00fcnyam\u0131zda ya\u015fam\u0131n kayna\u011f\u0131 su ve bundan do\u011fan at\u0131k su. Bu ba\u011flamda do\u011fal sular da, at\u0131k sular da <\/p><a href=\"https:\/\/suylagelensaglik.com\/index.php\/2021\/05\/30\/yasamin-kaynagi-su-atik-su\/\" class=\"btn btn-primary hvr-sweep-to-right\">Devam\u0131<\/a><\/div><\/div><\/div><div class=\"col-md-4 col-sm-4 col-xs-12 xs-mb-30\"><div class=\"post-grid\"><div class=\"post-grid-thumb\"><img decoding=\"async\" src=\"https:\/\/suylagelensaglik.com\/wp-content\/uploads\/2021\/05\/Miato3-300x200.jpg\" alt=\"Neden MIATO Cam Tankl\u0131 Ak\u0131ll\u0131 Su Ar\u0131tma Cihaz\u0131 almal\u0131y\u0131m?\"><\/div><div class=\"post-grid-meta\"><div class=\"post-date\"><i class=\"fa fa-calendar\"><\/i> 23 May\u0131s 2021<\/div><div class=\"post-comment\"><i class=\"fa fa-comments\"><\/i> 0 comments<\/div><\/div><div class=\"post-grid-content\"><h4><a href=\"https:\/\/suylagelensaglik.com\/index.php\/2021\/05\/23\/miato-cam-tankli-akilli-su-aritma-cihazi\/\">Neden MIATO Cam Tankl\u0131 Ak\u0131ll\u0131 Su Ar\u0131tma Cihaz\u0131 almal\u0131y\u0131m?<\/a><\/h4><p>MIATO Cam Tankl\u0131 Ak\u0131ll\u0131 Su Ar\u0131tma Cihaz\u0131 neden farkl\u0131 ve neden su ar\u0131tma sekt\u00f6r\u00fcndeki en \u00f6nemli geli\u015fme? Burada sizinle k\u0131saca <\/p><a href=\"https:\/\/suylagelensaglik.com\/index.php\/2021\/05\/23\/miato-cam-tankli-akilli-su-aritma-cihazi\/\" class=\"btn btn-primary hvr-sweep-to-right\">Devam\u0131<\/a><\/div><\/div><\/div><\/div>[\/vc_column][\/vc_row][\/vc_section]<\/p>\n<\/section>","protected":false},"excerpt":{"rendered":"<p>[vc_row full_width=&#8221;stretch_row&#8221; el_class=&#8221;pad80&#8243; css=&#8221;.vc_custom_1496513357524{background-color: #f6f6f6 !important;}&#8221;][vc_column][vc_row_inner][vc_column_inner][\/vc_column_inner][\/vc_row_inner][vc_row_inner][vc_column_inner width=&#8221;1\/2&#8243;][vc_single_image image=&#8221;683&#8243; img_size=&#8221;full&#8221; css=&#8221;.vc_custom_1622061172765{margin-bottom: 0px !important;padding-bottom: 0px !important;}&#8221;][vc_custom_heading text=&#8221;ROYTED \u00c7elik Su Tankl\u0131 Su Ar\u0131tma Cihaz\u0131&#8221; font_container=&#8221;tag:h2|font_size:25|text_align:left|color:%23313131|line_height:25px&#8221; use_theme_fonts=&#8221;yes&#8221; css=&#8221;.vc_custom_1621688503698{margin-top: 0px !important;padding-top: 35px !important;padding-bottom: 5px !important;}&#8221;][vc_column_text css=&#8221;.vc_custom_1621688787118{margin-bottom: 0px !important;padding-bottom: 0px !important;}&#8221;]Ters ozmoz sistemi ile \u00e7al\u0131\u015fan Royted Su Ar\u0131tma Cihaz\u0131 5&#8217;li filtre sistemine sahiptir. Bu be\u015fli filtre sistemi ile mutfa\u011f\u0131n\u0131z\u0131n muslu\u011fundan akan &#8230;<\/p>\n","protected":false},"author":1,"featured_media":0,"parent":0,"menu_order":0,"comment_status":"closed","ping_status":"closed","template":"fullwidthpage-template.php","meta":{"footnotes":""},"class_list":["post-23","page","type-page","status-publish","hentry"],"yoast_head":"<!-- This site is optimized with the Yoast SEO Premium plugin v20.5 (Yoast SEO v27.0) - https:\/\/yoast.com\/product\/yoast-seo-premium-wordpress\/ -->\n<title>Royted | Pure Health Suyla Gelen Sa\u011fl\u0131k<\/title>\n<meta name=\"robots\" content=\"index, follow, max-snippet:-1, max-image-preview:large, max-video-preview:-1\" \/>\n<link rel=\"canonical\" href=\"https:\/\/suylagelensaglik.com\/index.php\/royted\/\" \/>\n<meta property=\"og:locale\" content=\"tr_TR\" \/>\n<meta property=\"og:type\" content=\"article\" \/>\n<meta property=\"og:title\" content=\"Royted\" \/>\n<meta property=\"og:description\" content=\"[vc_row full_width=&#8221;stretch_row&#8221; el_class=&#8221;pad80&#8243; css=&#8221;.vc_custom_1496513357524{background-color: #f6f6f6 !important;}&#8221;][vc_column][vc_row_inner][vc_column_inner][\/vc_column_inner][\/vc_row_inner][vc_row_inner][vc_column_inner width=&#8221;1\/2&#8243;][vc_single_image image=&#8221;683&#8243; img_size=&#8221;full&#8221; css=&#8221;.vc_custom_1622061172765{margin-bottom: 0px !important;padding-bottom: 0px !important;}&#8221;][vc_custom_heading text=&#8221;ROYTED \u00c7elik Su Tankl\u0131 Su Ar\u0131tma Cihaz\u0131&#8221; font_container=&#8221;tag:h2|font_size:25|text_align:left|color:%23313131|line_height:25px&#8221; use_theme_fonts=&#8221;yes&#8221; css=&#8221;.vc_custom_1621688503698{margin-top: 0px !important;padding-top: 35px !important;padding-bottom: 5px !important;}&#8221;][vc_column_text css=&#8221;.vc_custom_1621688787118{margin-bottom: 0px !important;padding-bottom: 0px !important;}&#8221;]Ters ozmoz sistemi ile \u00e7al\u0131\u015fan Royted Su Ar\u0131tma Cihaz\u0131 5&#8217;li filtre sistemine sahiptir. Bu be\u015fli filtre sistemi ile mutfa\u011f\u0131n\u0131z\u0131n muslu\u011fundan akan ...\" \/>\n<meta property=\"og:url\" content=\"https:\/\/suylagelensaglik.com\/index.php\/royted\/\" \/>\n<meta property=\"og:site_name\" content=\"Pure Health Suyla Gelen Sa\u011fl\u0131k\" \/>\n<meta property=\"article:publisher\" content=\"https:\/\/www.facebook.com\/pure_health_official\" \/>\n<meta property=\"article:modified_time\" content=\"2021-06-21T20:14:31+00:00\" \/>\n<meta name=\"twitter:card\" content=\"summary_large_image\" \/>\n<meta name=\"twitter:label1\" content=\"Tahmini okuma s\u00fcresi\" \/>\n\t<meta name=\"twitter:data1\" content=\"2 dakika\" \/>\n<script type=\"application\/ld+json\" class=\"yoast-schema-graph\">{\"@context\":\"https:\/\/schema.org\",\"@graph\":[{\"@type\":\"WebPage\",\"@id\":\"https:\/\/suylagelensaglik.com\/index.php\/royted\/\",\"url\":\"https:\/\/suylagelensaglik.com\/index.php\/royted\/\",\"name\":\"Royted | Pure Health Suyla Gelen Sa\u011fl\u0131k\",\"isPartOf\":{\"@id\":\"https:\/\/www.suylagelensaglik.com\/#website\"},\"datePublished\":\"2017-06-22T09:21:19+00:00\",\"dateModified\":\"2021-06-21T20:14:31+00:00\",\"breadcrumb\":{\"@id\":\"https:\/\/suylagelensaglik.com\/index.php\/royted\/#breadcrumb\"},\"inLanguage\":\"tr\",\"potentialAction\":[{\"@type\":\"ReadAction\",\"target\":[\"https:\/\/suylagelensaglik.com\/index.php\/royted\/\"]}]},{\"@type\":\"BreadcrumbList\",\"@id\":\"https:\/\/suylagelensaglik.com\/index.php\/royted\/#breadcrumb\",\"itemListElement\":[{\"@type\":\"ListItem\",\"position\":1,\"name\":\"Home\",\"item\":\"https:\/\/www.suylagelensaglik.com\/\"},{\"@type\":\"ListItem\",\"position\":2,\"name\":\"Royted\"}]},{\"@type\":\"WebSite\",\"@id\":\"https:\/\/www.suylagelensaglik.com\/#website\",\"url\":\"https:\/\/www.suylagelensaglik.com\/\",\"name\":\"Pure Health Suyla Gelen Sa\u011fl\u0131k\",\"description\":\"El De\u011fmemi\u015f, Sa\u011fl\u0131kl\u0131 Su\",\"publisher\":{\"@id\":\"https:\/\/www.suylagelensaglik.com\/#organization\"},\"potentialAction\":[{\"@type\":\"SearchAction\",\"target\":{\"@type\":\"EntryPoint\",\"urlTemplate\":\"https:\/\/www.suylagelensaglik.com\/?s={search_term_string}\"},\"query-input\":{\"@type\":\"PropertyValueSpecification\",\"valueRequired\":true,\"valueName\":\"search_term_string\"}}],\"inLanguage\":\"tr\"},{\"@type\":\"Organization\",\"@id\":\"https:\/\/www.suylagelensaglik.com\/#organization\",\"name\":\"SUYLA GELEN SA\u011eLIK\",\"url\":\"https:\/\/www.suylagelensaglik.com\/\",\"logo\":{\"@type\":\"ImageObject\",\"inLanguage\":\"tr\",\"@id\":\"https:\/\/www.suylagelensaglik.com\/#\/schema\/logo\/image\/\",\"url\":\"https:\/\/suylagelensaglik.com\/wp-content\/uploads\/2021\/05\/Miato3.jpg\",\"contentUrl\":\"https:\/\/suylagelensaglik.com\/wp-content\/uploads\/2021\/05\/Miato3.jpg\",\"width\":1024,\"height\":682,\"caption\":\"SUYLA GELEN SA\u011eLIK\"},\"image\":{\"@id\":\"https:\/\/www.suylagelensaglik.com\/#\/schema\/logo\/image\/\"},\"sameAs\":[\"https:\/\/www.facebook.com\/pure_health_official\"]}]}<\/script>\n<!-- \/ Yoast SEO Premium plugin. -->","yoast_head_json":{"title":"Royted | Pure Health Suyla Gelen Sa\u011fl\u0131k","robots":{"index":"index","follow":"follow","max-snippet":"max-snippet:-1","max-image-preview":"max-image-preview:large","max-video-preview":"max-video-preview:-1"},"canonical":"https:\/\/suylagelensaglik.com\/index.php\/royted\/","og_locale":"tr_TR","og_type":"article","og_title":"Royted","og_description":"[vc_row full_width=&#8221;stretch_row&#8221; el_class=&#8221;pad80&#8243; css=&#8221;.vc_custom_1496513357524{background-color: #f6f6f6 !important;}&#8221;][vc_column][vc_row_inner][vc_column_inner][\/vc_column_inner][\/vc_row_inner][vc_row_inner][vc_column_inner width=&#8221;1\/2&#8243;][vc_single_image image=&#8221;683&#8243; img_size=&#8221;full&#8221; css=&#8221;.vc_custom_1622061172765{margin-bottom: 0px !important;padding-bottom: 0px !important;}&#8221;][vc_custom_heading text=&#8221;ROYTED \u00c7elik Su Tankl\u0131 Su Ar\u0131tma Cihaz\u0131&#8221; font_container=&#8221;tag:h2|font_size:25|text_align:left|color:%23313131|line_height:25px&#8221; use_theme_fonts=&#8221;yes&#8221; css=&#8221;.vc_custom_1621688503698{margin-top: 0px !important;padding-top: 35px !important;padding-bottom: 5px !important;}&#8221;][vc_column_text css=&#8221;.vc_custom_1621688787118{margin-bottom: 0px !important;padding-bottom: 0px !important;}&#8221;]Ters ozmoz sistemi ile \u00e7al\u0131\u015fan Royted Su Ar\u0131tma Cihaz\u0131 5&#8217;li filtre sistemine sahiptir. Bu be\u015fli filtre sistemi ile mutfa\u011f\u0131n\u0131z\u0131n muslu\u011fundan akan ...","og_url":"https:\/\/suylagelensaglik.com\/index.php\/royted\/","og_site_name":"Pure Health Suyla Gelen Sa\u011fl\u0131k","article_publisher":"https:\/\/www.facebook.com\/pure_health_official","article_modified_time":"2021-06-21T20:14:31+00:00","twitter_card":"summary_large_image","twitter_misc":{"Tahmini okuma s\u00fcresi":"2 dakika"},"schema":{"@context":"https:\/\/schema.org","@graph":[{"@type":"WebPage","@id":"https:\/\/suylagelensaglik.com\/index.php\/royted\/","url":"https:\/\/suylagelensaglik.com\/index.php\/royted\/","name":"Royted | Pure Health Suyla Gelen Sa\u011fl\u0131k","isPartOf":{"@id":"https:\/\/www.suylagelensaglik.com\/#website"},"datePublished":"2017-06-22T09:21:19+00:00","dateModified":"2021-06-21T20:14:31+00:00","breadcrumb":{"@id":"https:\/\/suylagelensaglik.com\/index.php\/royted\/#breadcrumb"},"inLanguage":"tr","potentialAction":[{"@type":"ReadAction","target":["https:\/\/suylagelensaglik.com\/index.php\/royted\/"]}]},{"@type":"BreadcrumbList","@id":"https:\/\/suylagelensaglik.com\/index.php\/royted\/#breadcrumb","itemListElement":[{"@type":"ListItem","position":1,"name":"Home","item":"https:\/\/www.suylagelensaglik.com\/"},{"@type":"ListItem","position":2,"name":"Royted"}]},{"@type":"WebSite","@id":"https:\/\/www.suylagelensaglik.com\/#website","url":"https:\/\/www.suylagelensaglik.com\/","name":"Pure Health Suyla Gelen Sa\u011fl\u0131k","description":"El De\u011fmemi\u015f, Sa\u011fl\u0131kl\u0131 Su","publisher":{"@id":"https:\/\/www.suylagelensaglik.com\/#organization"},"potentialAction":[{"@type":"SearchAction","target":{"@type":"EntryPoint","urlTemplate":"https:\/\/www.suylagelensaglik.com\/?s={search_term_string}"},"query-input":{"@type":"PropertyValueSpecification","valueRequired":true,"valueName":"search_term_string"}}],"inLanguage":"tr"},{"@type":"Organization","@id":"https:\/\/www.suylagelensaglik.com\/#organization","name":"SUYLA GELEN SA\u011eLIK","url":"https:\/\/www.suylagelensaglik.com\/","logo":{"@type":"ImageObject","inLanguage":"tr","@id":"https:\/\/www.suylagelensaglik.com\/#\/schema\/logo\/image\/","url":"https:\/\/suylagelensaglik.com\/wp-content\/uploads\/2021\/05\/Miato3.jpg","contentUrl":"https:\/\/suylagelensaglik.com\/wp-content\/uploads\/2021\/05\/Miato3.jpg","width":1024,"height":682,"caption":"SUYLA GELEN SA\u011eLIK"},"image":{"@id":"https:\/\/www.suylagelensaglik.com\/#\/schema\/logo\/image\/"},"sameAs":["https:\/\/www.facebook.com\/pure_health_official"]}]}},"_links":{"self":[{"href":"https:\/\/suylagelensaglik.com\/index.php\/wp-json\/wp\/v2\/pages\/23","targetHints":{"allow":["GET"]}}],"collection":[{"href":"https:\/\/suylagelensaglik.com\/index.php\/wp-json\/wp\/v2\/pages"}],"about":[{"href":"https:\/\/suylagelensaglik.com\/index.php\/wp-json\/wp\/v2\/types\/page"}],"author":[{"embeddable":true,"href":"https:\/\/suylagelensaglik.com\/index.php\/wp-json\/wp\/v2\/users\/1"}],"replies":[{"embeddable":true,"href":"https:\/\/suylagelensaglik.com\/index.php\/wp-json\/wp\/v2\/comments?post=23"}],"version-history":[{"count":11,"href":"https:\/\/suylagelensaglik.com\/index.php\/wp-json\/wp\/v2\/pages\/23\/revisions"}],"predecessor-version":[{"id":840,"href":"https:\/\/suylagelensaglik.com\/index.php\/wp-json\/wp\/v2\/pages\/23\/revisions\/840"}],"wp:attachment":[{"href":"https:\/\/suylagelensaglik.com\/index.php\/wp-json\/wp\/v2\/media?parent=23"}],"curies":[{"name":"wp","href":"https:\/\/api.w.org\/{rel}","templated":true}]}}