{"id":248,"date":"2017-07-05T03:13:42","date_gmt":"2017-07-05T03:13:42","guid":{"rendered":"https:\/\/ithemeslab.com\/tfdemo\/wp\/imperial\/?page_id=248"},"modified":"2017-07-05T03:13:42","modified_gmt":"2017-07-05T03:13:42","slug":"accordion","status":"publish","type":"page","link":"https:\/\/suylagelensaglik.com\/index.php\/elements\/accordion\/","title":{"rendered":"Accordion"},"content":{"rendered":"<section class=\"wpb-content-wrapper\"><p>\t\t\t\t[vc_row el_class=&#8221;padtop80&#8243;][vc_column]<div class=\"section-title \"><div class=\"text-center\"><h3 class=\"section-title-text\">Accordion Styles<\/h3><p class=\"subtitle\">Imperial Lets you feel the full power of Creation. No Limitation with Imperial Theme<\/p><\/div><\/div>[\/vc_column][\/vc_row][vc_row el_class=&#8221;padbottom60&#8243;][vc_column width=&#8221;1\/2&#8243;][vc_tta_accordion style=&#8221;outline&#8221; shape=&#8221;square&#8221; color=&#8221;white&#8221; active_section=&#8221;2&#8243;][vc_tta_section title=&#8221;How to do This and That&#8221; tab_id=&#8221;1489161629042-22d4cd2c-ba3e&#8221;][vc_column_text]Anim pariatur cliche reprehenderit, enim eiusmod high life accusamus terry richardson ad squid. 3 wolf moon officia aute, non cupidatat skateboard dolor brunch. Food truck quinoa nesciunt laborum eiusmod. Brunch 3 wolf moon tempor, sunt aliqua put a bird on it squid single-origin coffee nulla.[\/vc_column_text][\/vc_tta_section][vc_tta_section title=&#8221;How to do This and That&#8221; tab_id=&#8221;1489161489114-c8bf34a1-fa9e&#8221;][vc_column_text]Anim pariatur cliche reprehenderit, enim eiusmod high life accusamus terry richardson ad squid. 3 wolf moon officia aute, non cupidatat skateboard dolor brunch. Food truck quinoa nesciunt laborum eiusmod. Brunch 3 wolf moon tempor, sunt aliqua put a bird on it squid single-origin coffee nulla.[\/vc_column_text][\/vc_tta_section][vc_tta_section title=&#8221;How to do This and That&#8221; tab_id=&#8221;1489161489151-c1734ecd-1183&#8243;][vc_column_text]Anim pariatur cliche reprehenderit, enim eiusmod high life accusamus terry richardson ad squid. 3 wolf moon officia aute, non cupidatat skateboard dolor brunch. Food truck quinoa nesciunt laborum eiusmod. Brunch 3 wolf moon tempor, sunt aliqua put a bird on it squid single-origin coffee nulla.[\/vc_column_text][\/vc_tta_section][vc_tta_section title=&#8221;How to do This and That&#8221; tab_id=&#8221;1489251389716-6048e6db-3c2d&#8221;][vc_column_text]Anim pariatur cliche reprehenderit, enim eiusmod high life accusamus terry richardson ad squid. 3 wolf moon officia aute, non cupidatat skateboard dolor brunch. Food truck quinoa nesciunt laborum eiusmod. Brunch 3 wolf moon tempor, sunt aliqua put a bird on it squid single-origin coffee nulla.[\/vc_column_text][\/vc_tta_section][\/vc_tta_accordion][\/vc_column][vc_column width=&#8221;1\/2&#8243;][vc_toggle title=&#8221;How to do This and That&#8221; style=&#8221;square&#8221; el_id=&#8221;1489251595653-098907d1-6bfe&#8221;]Anim pariatur cliche reprehenderit, enim eiusmod high life accusamus terry richardson ad squid. 3 wolf moon officia aute, non cupidatat skateboard dolor brunch. Food truck quinoa nesciunt laborum eiusmod. Brunch 3 wolf moon tempor, sunt aliqua put a bird on it squid single-origin coffee nulla.[\/vc_toggle][vc_toggle title=&#8221;How to do This and That&#8221; style=&#8221;square&#8221; open=&#8221;true&#8221; el_id=&#8221;1489252140266-99728fdf-263f&#8221;]Anim pariatur cliche reprehenderit, enim eiusmod high life accusamus terry richardson ad squid. 3 wolf moon officia aute, non cupidatat skateboard dolor brunch. Food truck quinoa nesciunt laborum eiusmod. Brunch 3 wolf moon tempor, sunt aliqua put a bird on it squid single-origin coffee nulla.[\/vc_toggle][vc_toggle title=&#8221;How to do This and That&#8221; style=&#8221;square&#8221; el_id=&#8221;1489252140107-4b418280-b2cd&#8221;]Anim pariatur cliche reprehenderit, enim eiusmod high life accusamus terry richardson ad squid. 3 wolf moon officia aute, non cupidatat skateboard dolor brunch. Food truck quinoa nesciunt laborum eiusmod. Brunch 3 wolf moon tempor, sunt aliqua put a bird on it squid single-origin coffee nulla.[\/vc_toggle][vc_toggle title=&#8221;How to do This and That&#8221; style=&#8221;square&#8221; el_id=&#8221;1489252139918-be9a3188-768f&#8221;]Anim pariatur cliche reprehenderit, enim eiusmod high life accusamus terry richardson ad squid. 3 wolf moon officia aute, non cupidatat skateboard dolor brunch. Food truck quinoa nesciunt laborum eiusmod. Brunch 3 wolf moon tempor, sunt aliqua put a bird on it squid single-origin coffee nulla.[\/vc_toggle][vc_toggle title=&#8221;How to do This and That&#8221; style=&#8221;square&#8221; el_id=&#8221;1489252139712-ce2eddfc-3b02&#8243;]Anim pariatur cliche reprehenderit, enim eiusmod high life accusamus terry richardson ad squid. 3 wolf moon officia aute, non cupidatat skateboard dolor brunch. Food truck quinoa nesciunt laborum eiusmod. Brunch 3 wolf moon tempor, sunt aliqua put a bird on it squid single-origin coffee nulla.[\/vc_toggle][\/vc_column][\/vc_row][vc_row el_class=&#8221;padbottom60&#8243;][vc_column width=&#8221;1\/2&#8243;][vc_toggle title=&#8221;How to do This and That&#8221; style=&#8221;rounded&#8221; el_id=&#8221;1489251696045-5e0d8edc-5750&#8243;]Anim pariatur cliche reprehenderit, enim eiusmod high life accusamus terry richardson ad squid. 3 wolf moon officia aute, non cupidatat skateboard dolor brunch. Food truck quinoa nesciunt laborum eiusmod. Brunch 3 wolf moon tempor, sunt aliqua put a bird on it squid single-origin coffee nulla.[\/vc_toggle][vc_toggle title=&#8221;How to do This and That&#8221; style=&#8221;rounded&#8221; open=&#8221;true&#8221; el_id=&#8221;1489252136898-1d0ac43c-b5e3&#8243;]Anim pariatur cliche reprehenderit, enim eiusmod high life accusamus terry richardson ad squid. 3 wolf moon officia aute, non cupidatat skateboard dolor brunch. Food truck quinoa nesciunt laborum eiusmod. Brunch 3 wolf moon tempor, sunt aliqua put a bird on it squid single-origin coffee nulla.[\/vc_toggle][vc_toggle title=&#8221;How to do This and That&#8221; style=&#8221;rounded&#8221; el_id=&#8221;1489252136657-221a13bf-fad3&#8243;]Anim pariatur cliche reprehenderit, enim eiusmod high life accusamus terry richardson ad squid. 3 wolf moon officia aute, non cupidatat skateboard dolor brunch. Food truck quinoa nesciunt laborum eiusmod. Brunch 3 wolf moon tempor, sunt aliqua put a bird on it squid single-origin coffee nulla.[\/vc_toggle][vc_toggle title=&#8221;How to do This and That&#8221; style=&#8221;rounded&#8221; el_id=&#8221;1489252136439-8d43f3d1-a0ca&#8221;]Anim pariatur cliche reprehenderit, enim eiusmod high life accusamus terry richardson ad squid. 3 wolf moon officia aute, non cupidatat skateboard dolor brunch. Food truck quinoa nesciunt laborum eiusmod. Brunch 3 wolf moon tempor, sunt aliqua put a bird on it squid single-origin coffee nulla.[\/vc_toggle][vc_toggle title=&#8221;How to do This and That&#8221; style=&#8221;rounded&#8221; el_id=&#8221;1489252135972-0f291d7c-a30a&#8221;]Anim pariatur cliche reprehenderit, enim eiusmod high life accusamus terry richardson ad squid. 3 wolf moon officia aute, non cupidatat skateboard dolor brunch. Food truck quinoa nesciunt laborum eiusmod. Brunch 3 wolf moon tempor, sunt aliqua put a bird on it squid single-origin coffee nulla.[\/vc_toggle][\/vc_column][vc_column width=&#8221;1\/2&#8243;][vc_toggle title=&#8221;How to do This and That&#8221; style=&#8221;arrow&#8221; el_id=&#8221;1489252030913-8aa923f0-d610&#8243;]Anim pariatur cliche reprehenderit, enim eiusmod high life accusamus terry richardson ad squid. 3 wolf moon officia aute, non cupidatat skateboard dolor brunch. Food truck quinoa nesciunt laborum eiusmod. Brunch 3 wolf moon tempor, sunt aliqua put a bird on it squid single-origin coffee nulla.[\/vc_toggle][vc_toggle title=&#8221;How to do This and That&#8221; style=&#8221;arrow&#8221; open=&#8221;true&#8221; el_id=&#8221;1489252053205-23d19427-2544&#8243;]Anim pariatur cliche reprehenderit, enim eiusmod high life accusamus terry richardson ad squid. 3 wolf moon officia aute, non cupidatat skateboard dolor brunch. Food truck quinoa nesciunt laborum eiusmod. Brunch 3 wolf moon tempor, sunt aliqua put a bird on it squid single-origin coffee nulla.[\/vc_toggle][vc_toggle title=&#8221;How to do This and That&#8221; style=&#8221;arrow&#8221; el_id=&#8221;1489252053029-31f09971-6b9b&#8221;]Anim pariatur cliche reprehenderit, enim eiusmod high life accusamus terry richardson ad squid. 3 wolf moon officia aute, non cupidatat skateboard dolor brunch. Food truck quinoa nesciunt laborum eiusmod. Brunch 3 wolf moon tempor, sunt aliqua put a bird on it squid single-origin coffee nulla.[\/vc_toggle][vc_toggle title=&#8221;How to do This and That&#8221; style=&#8221;arrow&#8221; el_id=&#8221;1489252052854-abd074ad-ece6&#8243;]Anim pariatur cliche reprehenderit, enim eiusmod high life accusamus terry richardson ad squid. 3 wolf moon officia aute, non cupidatat skateboard dolor brunch. Food truck quinoa nesciunt laborum eiusmod. Brunch 3 wolf moon tempor, sunt aliqua put a bird on it squid single-origin coffee nulla.[\/vc_toggle][vc_toggle title=&#8221;How to do This and That&#8221; style=&#8221;arrow&#8221; el_id=&#8221;1489252052478-b365f4f7-ff4e&#8221;]Anim pariatur cliche reprehenderit, enim eiusmod high life accusamus terry richardson ad squid. 3 wolf moon officia aute, non cupidatat skateboard dolor brunch. Food truck quinoa nesciunt laborum eiusmod. Brunch 3 wolf moon tempor, sunt aliqua put a bird on it squid single-origin coffee nulla.[\/vc_toggle][\/vc_column][\/vc_row]\t\t<\/p>\n<\/section>","protected":false},"excerpt":{"rendered":"<p>[vc_row el_class=&#8221;padtop80&#8243;][vc_column][\/vc_column][\/vc_row][vc_row el_class=&#8221;padbottom60&#8243;][vc_column width=&#8221;1\/2&#8243;][vc_tta_accordion style=&#8221;outline&#8221; shape=&#8221;square&#8221; color=&#8221;white&#8221; active_section=&#8221;2&#8243;][vc_tta_section title=&#8221;How to do This and That&#8221; tab_id=&#8221;1489161629042-22d4cd2c-ba3e&#8221;][vc_column_text]Anim pariatur cliche reprehenderit, enim eiusmod high life accusamus terry richardson ad squid. 3 wolf moon officia aute, non cupidatat skateboard dolor brunch. Food truck quinoa nesciunt laborum eiusmod. Brunch 3 wolf moon tempor, sunt aliqua put a bird on it &#8230;<\/p>\n","protected":false},"author":1,"featured_media":0,"parent":246,"menu_order":0,"comment_status":"closed","ping_status":"closed","template":"fullwidthpage-template.php","meta":{"footnotes":""},"class_list":["post-248","page","type-page","status-publish","hentry"],"yoast_head":"<!-- This site is optimized with the Yoast SEO Premium plugin v20.5 (Yoast SEO v27.0) - https:\/\/yoast.com\/product\/yoast-seo-premium-wordpress\/ -->\n<title>Accordion | Pure Health Suyla Gelen Sa\u011fl\u0131k<\/title>\n<meta name=\"robots\" content=\"index, follow, max-snippet:-1, max-image-preview:large, max-video-preview:-1\" \/>\n<link rel=\"canonical\" href=\"https:\/\/suylagelensaglik.com\/index.php\/elements\/accordion\/\" \/>\n<meta property=\"og:locale\" content=\"tr_TR\" \/>\n<meta property=\"og:type\" content=\"article\" \/>\n<meta property=\"og:title\" content=\"Accordion\" \/>\n<meta property=\"og:description\" content=\"[vc_row el_class=&#8221;padtop80&#8243;][vc_column][\/vc_column][\/vc_row][vc_row el_class=&#8221;padbottom60&#8243;][vc_column width=&#8221;1\/2&#8243;][vc_tta_accordion style=&#8221;outline&#8221; shape=&#8221;square&#8221; color=&#8221;white&#8221; active_section=&#8221;2&#8243;][vc_tta_section title=&#8221;How to do This and That&#8221; tab_id=&#8221;1489161629042-22d4cd2c-ba3e&#8221;][vc_column_text]Anim pariatur cliche reprehenderit, enim eiusmod high life accusamus terry richardson ad squid. 3 wolf moon officia aute, non cupidatat skateboard dolor brunch. Food truck quinoa nesciunt laborum eiusmod. Brunch 3 wolf moon tempor, sunt aliqua put a bird on it ...\" \/>\n<meta property=\"og:url\" content=\"https:\/\/suylagelensaglik.com\/index.php\/elements\/accordion\/\" \/>\n<meta property=\"og:site_name\" content=\"Pure Health Suyla Gelen Sa\u011fl\u0131k\" \/>\n<meta property=\"article:publisher\" content=\"https:\/\/www.facebook.com\/pure_health_official\" \/>\n<meta name=\"twitter:card\" content=\"summary_large_image\" \/>\n<meta name=\"twitter:label1\" content=\"Tahmini okuma s\u00fcresi\" \/>\n\t<meta name=\"twitter:data1\" content=\"6 dakika\" \/>\n<script type=\"application\/ld+json\" class=\"yoast-schema-graph\">{\"@context\":\"https:\/\/schema.org\",\"@graph\":[{\"@type\":\"WebPage\",\"@id\":\"https:\/\/suylagelensaglik.com\/index.php\/elements\/accordion\/\",\"url\":\"https:\/\/suylagelensaglik.com\/index.php\/elements\/accordion\/\",\"name\":\"Accordion | Pure Health Suyla Gelen Sa\u011fl\u0131k\",\"isPartOf\":{\"@id\":\"https:\/\/www.suylagelensaglik.com\/#website\"},\"datePublished\":\"2017-07-05T03:13:42+00:00\",\"breadcrumb\":{\"@id\":\"https:\/\/suylagelensaglik.com\/index.php\/elements\/accordion\/#breadcrumb\"},\"inLanguage\":\"tr\",\"potentialAction\":[{\"@type\":\"ReadAction\",\"target\":[\"https:\/\/suylagelensaglik.com\/index.php\/elements\/accordion\/\"]}]},{\"@type\":\"BreadcrumbList\",\"@id\":\"https:\/\/suylagelensaglik.com\/index.php\/elements\/accordion\/#breadcrumb\",\"itemListElement\":[{\"@type\":\"ListItem\",\"position\":1,\"name\":\"Home\",\"item\":\"https:\/\/www.suylagelensaglik.com\/\"},{\"@type\":\"ListItem\",\"position\":2,\"name\":\"Elements\",\"item\":\"https:\/\/suylagelensaglik.com\/index.php\/elements\/\"},{\"@type\":\"ListItem\",\"position\":3,\"name\":\"Accordion\"}]},{\"@type\":\"WebSite\",\"@id\":\"https:\/\/www.suylagelensaglik.com\/#website\",\"url\":\"https:\/\/www.suylagelensaglik.com\/\",\"name\":\"Pure Health Suyla Gelen Sa\u011fl\u0131k\",\"description\":\"El De\u011fmemi\u015f, Sa\u011fl\u0131kl\u0131 Su\",\"publisher\":{\"@id\":\"https:\/\/www.suylagelensaglik.com\/#organization\"},\"potentialAction\":[{\"@type\":\"SearchAction\",\"target\":{\"@type\":\"EntryPoint\",\"urlTemplate\":\"https:\/\/www.suylagelensaglik.com\/?s={search_term_string}\"},\"query-input\":{\"@type\":\"PropertyValueSpecification\",\"valueRequired\":true,\"valueName\":\"search_term_string\"}}],\"inLanguage\":\"tr\"},{\"@type\":\"Organization\",\"@id\":\"https:\/\/www.suylagelensaglik.com\/#organization\",\"name\":\"SUYLA GELEN SA\u011eLIK\",\"url\":\"https:\/\/www.suylagelensaglik.com\/\",\"logo\":{\"@type\":\"ImageObject\",\"inLanguage\":\"tr\",\"@id\":\"https:\/\/www.suylagelensaglik.com\/#\/schema\/logo\/image\/\",\"url\":\"https:\/\/suylagelensaglik.com\/wp-content\/uploads\/2021\/05\/Miato3.jpg\",\"contentUrl\":\"https:\/\/suylagelensaglik.com\/wp-content\/uploads\/2021\/05\/Miato3.jpg\",\"width\":1024,\"height\":682,\"caption\":\"SUYLA GELEN SA\u011eLIK\"},\"image\":{\"@id\":\"https:\/\/www.suylagelensaglik.com\/#\/schema\/logo\/image\/\"},\"sameAs\":[\"https:\/\/www.facebook.com\/pure_health_official\"]}]}<\/script>\n<!-- \/ Yoast SEO Premium plugin. -->","yoast_head_json":{"title":"Accordion | Pure Health Suyla Gelen Sa\u011fl\u0131k","robots":{"index":"index","follow":"follow","max-snippet":"max-snippet:-1","max-image-preview":"max-image-preview:large","max-video-preview":"max-video-preview:-1"},"canonical":"https:\/\/suylagelensaglik.com\/index.php\/elements\/accordion\/","og_locale":"tr_TR","og_type":"article","og_title":"Accordion","og_description":"[vc_row el_class=&#8221;padtop80&#8243;][vc_column][\/vc_column][\/vc_row][vc_row el_class=&#8221;padbottom60&#8243;][vc_column width=&#8221;1\/2&#8243;][vc_tta_accordion style=&#8221;outline&#8221; shape=&#8221;square&#8221; color=&#8221;white&#8221; active_section=&#8221;2&#8243;][vc_tta_section title=&#8221;How to do This and That&#8221; tab_id=&#8221;1489161629042-22d4cd2c-ba3e&#8221;][vc_column_text]Anim pariatur cliche reprehenderit, enim eiusmod high life accusamus terry richardson ad squid. 3 wolf moon officia aute, non cupidatat skateboard dolor brunch. Food truck quinoa nesciunt laborum eiusmod. Brunch 3 wolf moon tempor, sunt aliqua put a bird on it ...","og_url":"https:\/\/suylagelensaglik.com\/index.php\/elements\/accordion\/","og_site_name":"Pure Health Suyla Gelen Sa\u011fl\u0131k","article_publisher":"https:\/\/www.facebook.com\/pure_health_official","twitter_card":"summary_large_image","twitter_misc":{"Tahmini okuma s\u00fcresi":"6 dakika"},"schema":{"@context":"https:\/\/schema.org","@graph":[{"@type":"WebPage","@id":"https:\/\/suylagelensaglik.com\/index.php\/elements\/accordion\/","url":"https:\/\/suylagelensaglik.com\/index.php\/elements\/accordion\/","name":"Accordion | Pure Health Suyla Gelen Sa\u011fl\u0131k","isPartOf":{"@id":"https:\/\/www.suylagelensaglik.com\/#website"},"datePublished":"2017-07-05T03:13:42+00:00","breadcrumb":{"@id":"https:\/\/suylagelensaglik.com\/index.php\/elements\/accordion\/#breadcrumb"},"inLanguage":"tr","potentialAction":[{"@type":"ReadAction","target":["https:\/\/suylagelensaglik.com\/index.php\/elements\/accordion\/"]}]},{"@type":"BreadcrumbList","@id":"https:\/\/suylagelensaglik.com\/index.php\/elements\/accordion\/#breadcrumb","itemListElement":[{"@type":"ListItem","position":1,"name":"Home","item":"https:\/\/www.suylagelensaglik.com\/"},{"@type":"ListItem","position":2,"name":"Elements","item":"https:\/\/suylagelensaglik.com\/index.php\/elements\/"},{"@type":"ListItem","position":3,"name":"Accordion"}]},{"@type":"WebSite","@id":"https:\/\/www.suylagelensaglik.com\/#website","url":"https:\/\/www.suylagelensaglik.com\/","name":"Pure Health Suyla Gelen Sa\u011fl\u0131k","description":"El De\u011fmemi\u015f, Sa\u011fl\u0131kl\u0131 Su","publisher":{"@id":"https:\/\/www.suylagelensaglik.com\/#organization"},"potentialAction":[{"@type":"SearchAction","target":{"@type":"EntryPoint","urlTemplate":"https:\/\/www.suylagelensaglik.com\/?s={search_term_string}"},"query-input":{"@type":"PropertyValueSpecification","valueRequired":true,"valueName":"search_term_string"}}],"inLanguage":"tr"},{"@type":"Organization","@id":"https:\/\/www.suylagelensaglik.com\/#organization","name":"SUYLA GELEN SA\u011eLIK","url":"https:\/\/www.suylagelensaglik.com\/","logo":{"@type":"ImageObject","inLanguage":"tr","@id":"https:\/\/www.suylagelensaglik.com\/#\/schema\/logo\/image\/","url":"https:\/\/suylagelensaglik.com\/wp-content\/uploads\/2021\/05\/Miato3.jpg","contentUrl":"https:\/\/suylagelensaglik.com\/wp-content\/uploads\/2021\/05\/Miato3.jpg","width":1024,"height":682,"caption":"SUYLA GELEN SA\u011eLIK"},"image":{"@id":"https:\/\/www.suylagelensaglik.com\/#\/schema\/logo\/image\/"},"sameAs":["https:\/\/www.facebook.com\/pure_health_official"]}]}},"_links":{"self":[{"href":"https:\/\/suylagelensaglik.com\/index.php\/wp-json\/wp\/v2\/pages\/248","targetHints":{"allow":["GET"]}}],"collection":[{"href":"https:\/\/suylagelensaglik.com\/index.php\/wp-json\/wp\/v2\/pages"}],"about":[{"href":"https:\/\/suylagelensaglik.com\/index.php\/wp-json\/wp\/v2\/types\/page"}],"author":[{"embeddable":true,"href":"https:\/\/suylagelensaglik.com\/index.php\/wp-json\/wp\/v2\/users\/1"}],"replies":[{"embeddable":true,"href":"https:\/\/suylagelensaglik.com\/index.php\/wp-json\/wp\/v2\/comments?post=248"}],"version-history":[{"count":0,"href":"https:\/\/suylagelensaglik.com\/index.php\/wp-json\/wp\/v2\/pages\/248\/revisions"}],"up":[{"embeddable":true,"href":"https:\/\/suylagelensaglik.com\/index.php\/wp-json\/wp\/v2\/pages\/246"}],"wp:attachment":[{"href":"https:\/\/suylagelensaglik.com\/index.php\/wp-json\/wp\/v2\/media?parent=248"}],"curies":[{"name":"wp","href":"https:\/\/api.w.org\/{rel}","templated":true}]}}