{"id":261,"date":"2017-07-05T03:17:58","date_gmt":"2017-07-05T03:17:58","guid":{"rendered":"https:\/\/ithemeslab.com\/tfdemo\/wp\/imperial\/elements\/bootstrap-grid-copy\/"},"modified":"2017-07-05T03:17:58","modified_gmt":"2017-07-05T03:17:58","slug":"dividers","status":"publish","type":"page","link":"https:\/\/suylagelensaglik.com\/index.php\/elements\/dividers\/","title":{"rendered":"Dividers"},"content":{"rendered":"<section class=\"wpb-content-wrapper\"><p>\t\t\t\t[vc_row el_class=&#8221;padtop80&#8243;][vc_column]<div class=\"section-title \"><div class=\"text-center\"><h3 class=\"section-title-text\">Imperial Dividers <\/h3><p class=\"subtitle\">Imperial Lets you feel the full power of Creation. No Limitation with Imperial Theme<\/p><\/div><\/div>[\/vc_column][\/vc_row][vc_row el_class=&#8221;padbottom60&#8243;][vc_column][vc_column_text css=&#8221;.vc_custom_1489245875348{padding-bottom: 5px !important;}&#8221;]Lorem ipsum dolor sit amet, consectetur adipiscing elit. Integer adipiscing erat eget risus sollicitudin pellentesque et non erat. Maecenas nibh dolor, malesuada et bibendum a, sagittis accumsan ipsum. Pellentesque ultrices ultrices sapien, nec tincidunt nunc posuere ut. Lorem ipsum dolor sit amet, consectetur adipiscing elit. Nam scelerisque tristique dolor vitae tincidunt. Aenean quis massa uada mi elementum elementum. Nec sapien convallis vulputate rhoncus vel dui.[\/vc_column_text][vc_separator color=&#8221;chino&#8221;][vc_column_text css=&#8221;.vc_custom_1489245875348{padding-bottom: 5px !important;}&#8221;]Lorem ipsum dolor sit amet, consectetur adipiscing elit. Integer adipiscing erat eget risus sollicitudin pellentesque et non erat. Maecenas nibh dolor, malesuada et bibendum a, sagittis accumsan ipsum. Pellentesque ultrices ultrices sapien, nec tincidunt nunc posuere ut. Lorem ipsum dolor sit amet, consectetur adipiscing elit. Nam scelerisque tristique dolor vitae tincidunt. Aenean quis massa uada mi elementum elementum. Nec sapien convallis vulputate rhoncus vel dui.[\/vc_column_text][vc_separator color=&#8221;mulled_wine&#8221; style=&#8221;dashed&#8221;][vc_column_text css=&#8221;.vc_custom_1489245875348{padding-bottom: 5px !important;}&#8221;]Lorem ipsum dolor sit amet, consectetur adipiscing elit. Integer adipiscing erat eget risus sollicitudin pellentesque et non erat. Maecenas nibh dolor, malesuada et bibendum a, sagittis accumsan ipsum. Pellentesque ultrices ultrices sapien, nec tincidunt nunc posuere ut. Lorem ipsum dolor sit amet, consectetur adipiscing elit. Nam scelerisque tristique dolor vitae tincidunt. Aenean quis massa uada mi elementum elementum. Nec sapien convallis vulputate rhoncus vel dui.[\/vc_column_text][vc_separator color=&#8221;black&#8221; style=&#8221;dotted&#8221;][vc_column_text css=&#8221;.vc_custom_1489245875348{padding-bottom: 5px !important;}&#8221;]Lorem ipsum dolor sit amet, consectetur adipiscing elit. Integer adipiscing erat eget risus sollicitudin pellentesque et non erat. Maecenas nibh dolor, malesuada et bibendum a, sagittis accumsan ipsum. Pellentesque ultrices ultrices sapien, nec tincidunt nunc posuere ut. Lorem ipsum dolor sit amet, consectetur adipiscing elit. Nam scelerisque tristique dolor vitae tincidunt. Aenean quis massa uada mi elementum elementum. Nec sapien convallis vulputate rhoncus vel dui.[\/vc_column_text][vc_separator color=&#8221;chino&#8221; style=&#8221;double&#8221;][vc_column_text css=&#8221;.vc_custom_1489245875348{padding-bottom: 5px !important;}&#8221;]Lorem ipsum dolor sit amet, consectetur adipiscing elit. Integer adipiscing erat eget risus sollicitudin pellentesque et non erat. Maecenas nibh dolor, malesuada et bibendum a, sagittis accumsan ipsum. Pellentesque ultrices ultrices sapien, nec tincidunt nunc posuere ut. Lorem ipsum dolor sit amet, consectetur adipiscing elit. Nam scelerisque tristique dolor vitae tincidunt. Aenean quis massa uada mi elementum elementum. Nec sapien convallis vulputate rhoncus vel dui.[\/vc_column_text][vc_separator color=&#8221;black&#8221; style=&#8221;shadow&#8221;][vc_column_text css=&#8221;.vc_custom_1489245875348{padding-bottom: 5px !important;}&#8221;]Lorem ipsum dolor sit amet, consectetur adipiscing elit. Integer adipiscing erat eget risus sollicitudin pellentesque et non erat. Maecenas nibh dolor, malesuada et bibendum a, sagittis accumsan ipsum. Pellentesque ultrices ultrices sapien, nec tincidunt nunc posuere ut. Lorem ipsum dolor sit amet, consectetur adipiscing elit. Nam scelerisque tristique dolor vitae tincidunt. Aenean quis massa uada mi elementum elementum. Nec sapien convallis vulputate rhoncus vel dui.[\/vc_column_text][\/vc_column][\/vc_row]\t\t<\/p>\n<\/section>","protected":false},"excerpt":{"rendered":"<p>[vc_row el_class=&#8221;padtop80&#8243;][vc_column][\/vc_column][\/vc_row][vc_row el_class=&#8221;padbottom60&#8243;][vc_column][vc_column_text css=&#8221;.vc_custom_1489245875348{padding-bottom: 5px !important;}&#8221;]Lorem ipsum dolor sit amet, consectetur adipiscing elit. Integer adipiscing erat eget risus sollicitudin pellentesque et non erat. Maecenas nibh dolor, malesuada et bibendum a, sagittis accumsan ipsum. Pellentesque ultrices ultrices sapien, nec tincidunt nunc posuere ut. Lorem ipsum dolor sit amet, consectetur adipiscing elit. Nam scelerisque tristique dolor vitae &#8230;<\/p>\n","protected":false},"author":1,"featured_media":0,"parent":246,"menu_order":0,"comment_status":"closed","ping_status":"closed","template":"fullwidthpage-template.php","meta":{"footnotes":""},"class_list":["post-261","page","type-page","status-publish","hentry"],"yoast_head":"<!-- This site is optimized with the Yoast SEO Premium plugin v20.5 (Yoast SEO v27.0) - https:\/\/yoast.com\/product\/yoast-seo-premium-wordpress\/ -->\n<title>Dividers | Pure Health Suyla Gelen Sa\u011fl\u0131k<\/title>\n<meta name=\"robots\" content=\"index, follow, max-snippet:-1, max-image-preview:large, max-video-preview:-1\" \/>\n<link rel=\"canonical\" href=\"https:\/\/suylagelensaglik.com\/index.php\/elements\/dividers\/\" \/>\n<meta property=\"og:locale\" content=\"tr_TR\" \/>\n<meta property=\"og:type\" content=\"article\" \/>\n<meta property=\"og:title\" content=\"Dividers\" \/>\n<meta property=\"og:description\" content=\"[vc_row el_class=&#8221;padtop80&#8243;][vc_column][\/vc_column][\/vc_row][vc_row el_class=&#8221;padbottom60&#8243;][vc_column][vc_column_text css=&#8221;.vc_custom_1489245875348{padding-bottom: 5px !important;}&#8221;]Lorem ipsum dolor sit amet, consectetur adipiscing elit. Integer adipiscing erat eget risus sollicitudin pellentesque et non erat. Maecenas nibh dolor, malesuada et bibendum a, sagittis accumsan ipsum. Pellentesque ultrices ultrices sapien, nec tincidunt nunc posuere ut. Lorem ipsum dolor sit amet, consectetur adipiscing elit. Nam scelerisque tristique dolor vitae ...\" \/>\n<meta property=\"og:url\" content=\"https:\/\/suylagelensaglik.com\/index.php\/elements\/dividers\/\" \/>\n<meta property=\"og:site_name\" content=\"Pure Health Suyla Gelen Sa\u011fl\u0131k\" \/>\n<meta property=\"article:publisher\" content=\"https:\/\/www.facebook.com\/pure_health_official\" \/>\n<meta name=\"twitter:card\" content=\"summary_large_image\" \/>\n<meta name=\"twitter:label1\" content=\"Tahmini okuma s\u00fcresi\" \/>\n\t<meta name=\"twitter:data1\" content=\"3 dakika\" \/>\n<script type=\"application\/ld+json\" class=\"yoast-schema-graph\">{\"@context\":\"https:\/\/schema.org\",\"@graph\":[{\"@type\":\"WebPage\",\"@id\":\"https:\/\/suylagelensaglik.com\/index.php\/elements\/dividers\/\",\"url\":\"https:\/\/suylagelensaglik.com\/index.php\/elements\/dividers\/\",\"name\":\"Dividers | Pure Health Suyla Gelen Sa\u011fl\u0131k\",\"isPartOf\":{\"@id\":\"https:\/\/www.suylagelensaglik.com\/#website\"},\"datePublished\":\"2017-07-05T03:17:58+00:00\",\"breadcrumb\":{\"@id\":\"https:\/\/suylagelensaglik.com\/index.php\/elements\/dividers\/#breadcrumb\"},\"inLanguage\":\"tr\",\"potentialAction\":[{\"@type\":\"ReadAction\",\"target\":[\"https:\/\/suylagelensaglik.com\/index.php\/elements\/dividers\/\"]}]},{\"@type\":\"BreadcrumbList\",\"@id\":\"https:\/\/suylagelensaglik.com\/index.php\/elements\/dividers\/#breadcrumb\",\"itemListElement\":[{\"@type\":\"ListItem\",\"position\":1,\"name\":\"Home\",\"item\":\"https:\/\/www.suylagelensaglik.com\/\"},{\"@type\":\"ListItem\",\"position\":2,\"name\":\"Elements\",\"item\":\"https:\/\/suylagelensaglik.com\/index.php\/elements\/\"},{\"@type\":\"ListItem\",\"position\":3,\"name\":\"Dividers\"}]},{\"@type\":\"WebSite\",\"@id\":\"https:\/\/www.suylagelensaglik.com\/#website\",\"url\":\"https:\/\/www.suylagelensaglik.com\/\",\"name\":\"Pure Health Suyla Gelen Sa\u011fl\u0131k\",\"description\":\"El De\u011fmemi\u015f, Sa\u011fl\u0131kl\u0131 Su\",\"publisher\":{\"@id\":\"https:\/\/www.suylagelensaglik.com\/#organization\"},\"potentialAction\":[{\"@type\":\"SearchAction\",\"target\":{\"@type\":\"EntryPoint\",\"urlTemplate\":\"https:\/\/www.suylagelensaglik.com\/?s={search_term_string}\"},\"query-input\":{\"@type\":\"PropertyValueSpecification\",\"valueRequired\":true,\"valueName\":\"search_term_string\"}}],\"inLanguage\":\"tr\"},{\"@type\":\"Organization\",\"@id\":\"https:\/\/www.suylagelensaglik.com\/#organization\",\"name\":\"SUYLA GELEN SA\u011eLIK\",\"url\":\"https:\/\/www.suylagelensaglik.com\/\",\"logo\":{\"@type\":\"ImageObject\",\"inLanguage\":\"tr\",\"@id\":\"https:\/\/www.suylagelensaglik.com\/#\/schema\/logo\/image\/\",\"url\":\"https:\/\/suylagelensaglik.com\/wp-content\/uploads\/2021\/05\/Miato3.jpg\",\"contentUrl\":\"https:\/\/suylagelensaglik.com\/wp-content\/uploads\/2021\/05\/Miato3.jpg\",\"width\":1024,\"height\":682,\"caption\":\"SUYLA GELEN SA\u011eLIK\"},\"image\":{\"@id\":\"https:\/\/www.suylagelensaglik.com\/#\/schema\/logo\/image\/\"},\"sameAs\":[\"https:\/\/www.facebook.com\/pure_health_official\"]}]}<\/script>\n<!-- \/ Yoast SEO Premium plugin. -->","yoast_head_json":{"title":"Dividers | Pure Health Suyla Gelen Sa\u011fl\u0131k","robots":{"index":"index","follow":"follow","max-snippet":"max-snippet:-1","max-image-preview":"max-image-preview:large","max-video-preview":"max-video-preview:-1"},"canonical":"https:\/\/suylagelensaglik.com\/index.php\/elements\/dividers\/","og_locale":"tr_TR","og_type":"article","og_title":"Dividers","og_description":"[vc_row el_class=&#8221;padtop80&#8243;][vc_column][\/vc_column][\/vc_row][vc_row el_class=&#8221;padbottom60&#8243;][vc_column][vc_column_text css=&#8221;.vc_custom_1489245875348{padding-bottom: 5px !important;}&#8221;]Lorem ipsum dolor sit amet, consectetur adipiscing elit. Integer adipiscing erat eget risus sollicitudin pellentesque et non erat. Maecenas nibh dolor, malesuada et bibendum a, sagittis accumsan ipsum. Pellentesque ultrices ultrices sapien, nec tincidunt nunc posuere ut. Lorem ipsum dolor sit amet, consectetur adipiscing elit. Nam scelerisque tristique dolor vitae ...","og_url":"https:\/\/suylagelensaglik.com\/index.php\/elements\/dividers\/","og_site_name":"Pure Health Suyla Gelen Sa\u011fl\u0131k","article_publisher":"https:\/\/www.facebook.com\/pure_health_official","twitter_card":"summary_large_image","twitter_misc":{"Tahmini okuma s\u00fcresi":"3 dakika"},"schema":{"@context":"https:\/\/schema.org","@graph":[{"@type":"WebPage","@id":"https:\/\/suylagelensaglik.com\/index.php\/elements\/dividers\/","url":"https:\/\/suylagelensaglik.com\/index.php\/elements\/dividers\/","name":"Dividers | Pure Health Suyla Gelen Sa\u011fl\u0131k","isPartOf":{"@id":"https:\/\/www.suylagelensaglik.com\/#website"},"datePublished":"2017-07-05T03:17:58+00:00","breadcrumb":{"@id":"https:\/\/suylagelensaglik.com\/index.php\/elements\/dividers\/#breadcrumb"},"inLanguage":"tr","potentialAction":[{"@type":"ReadAction","target":["https:\/\/suylagelensaglik.com\/index.php\/elements\/dividers\/"]}]},{"@type":"BreadcrumbList","@id":"https:\/\/suylagelensaglik.com\/index.php\/elements\/dividers\/#breadcrumb","itemListElement":[{"@type":"ListItem","position":1,"name":"Home","item":"https:\/\/www.suylagelensaglik.com\/"},{"@type":"ListItem","position":2,"name":"Elements","item":"https:\/\/suylagelensaglik.com\/index.php\/elements\/"},{"@type":"ListItem","position":3,"name":"Dividers"}]},{"@type":"WebSite","@id":"https:\/\/www.suylagelensaglik.com\/#website","url":"https:\/\/www.suylagelensaglik.com\/","name":"Pure Health Suyla Gelen Sa\u011fl\u0131k","description":"El De\u011fmemi\u015f, Sa\u011fl\u0131kl\u0131 Su","publisher":{"@id":"https:\/\/www.suylagelensaglik.com\/#organization"},"potentialAction":[{"@type":"SearchAction","target":{"@type":"EntryPoint","urlTemplate":"https:\/\/www.suylagelensaglik.com\/?s={search_term_string}"},"query-input":{"@type":"PropertyValueSpecification","valueRequired":true,"valueName":"search_term_string"}}],"inLanguage":"tr"},{"@type":"Organization","@id":"https:\/\/www.suylagelensaglik.com\/#organization","name":"SUYLA GELEN SA\u011eLIK","url":"https:\/\/www.suylagelensaglik.com\/","logo":{"@type":"ImageObject","inLanguage":"tr","@id":"https:\/\/www.suylagelensaglik.com\/#\/schema\/logo\/image\/","url":"https:\/\/suylagelensaglik.com\/wp-content\/uploads\/2021\/05\/Miato3.jpg","contentUrl":"https:\/\/suylagelensaglik.com\/wp-content\/uploads\/2021\/05\/Miato3.jpg","width":1024,"height":682,"caption":"SUYLA GELEN SA\u011eLIK"},"image":{"@id":"https:\/\/www.suylagelensaglik.com\/#\/schema\/logo\/image\/"},"sameAs":["https:\/\/www.facebook.com\/pure_health_official"]}]}},"_links":{"self":[{"href":"https:\/\/suylagelensaglik.com\/index.php\/wp-json\/wp\/v2\/pages\/261","targetHints":{"allow":["GET"]}}],"collection":[{"href":"https:\/\/suylagelensaglik.com\/index.php\/wp-json\/wp\/v2\/pages"}],"about":[{"href":"https:\/\/suylagelensaglik.com\/index.php\/wp-json\/wp\/v2\/types\/page"}],"author":[{"embeddable":true,"href":"https:\/\/suylagelensaglik.com\/index.php\/wp-json\/wp\/v2\/users\/1"}],"replies":[{"embeddable":true,"href":"https:\/\/suylagelensaglik.com\/index.php\/wp-json\/wp\/v2\/comments?post=261"}],"version-history":[{"count":0,"href":"https:\/\/suylagelensaglik.com\/index.php\/wp-json\/wp\/v2\/pages\/261\/revisions"}],"up":[{"embeddable":true,"href":"https:\/\/suylagelensaglik.com\/index.php\/wp-json\/wp\/v2\/pages\/246"}],"wp:attachment":[{"href":"https:\/\/suylagelensaglik.com\/index.php\/wp-json\/wp\/v2\/media?parent=261"}],"curies":[{"name":"wp","href":"https:\/\/api.w.org\/{rel}","templated":true}]}}